{"id":3,"date":"2021-04-21T05:16:53","date_gmt":"2021-04-21T05:16:53","guid":{"rendered":"http:\/\/theretreatprod.wpengine.com\/?page_id=3"},"modified":"2026-02-04T12:10:53","modified_gmt":"2026-02-04T17:10:53","slug":"privacy-policy","status":"publish","type":"page","link":"https:\/\/allagainstabuse.org\/es\/privacy-policy\/","title":{"rendered":"Pol\u00edtica de privacidad"},"content":{"rendered":"<h2 class=\"wp-block-heading\">Pol\u00edtica de privacidad<\/h2>\n\n\n\n<p>The Retreat Inc. Declaraci\u00f3n de privacidad: Este sitio web es propiedad y est\u00e1 operado por o en nombre de The Retreat, Inc.  Al visitar <a href=\"https:\/\/allagainstabuse.org\/es\/\">www.allagainstabuse.org<\/a>&nbsp; usted est\u00e1 aceptando las pr\u00e1cticas descritas en esta declaraci\u00f3n.  Esta declaraci\u00f3n de privacidad puede ser modificada o actualizada en cualquier momento.<\/p>\n\n\n\n<p>El Retiro hace todo lo posible por respetar y proteger la privacidad de nuestros visitantes en l\u00ednea.  No compartiremos su informaci\u00f3n personal con terceros. No recopilamos informaci\u00f3n personal identificable a menos que usted nos la proporcione de forma voluntaria y consciente. Cuando nos proporciona informaci\u00f3n personal, podemos introducirla en nuestra base de datos y ponernos en contacto con usted con el fin de: completar encuestas voluntarias para recabar opiniones con el fin de mejorar la calidad y el servicio, proporcionarle informaci\u00f3n relacionada con eventos y nuestros programas, solicitar donaciones de bienes y servicios, su tiempo o contribuciones econ\u00f3micas.<\/p>\n\n\n\n<p>TheRetreatInc.org (allagainstabuse.org) no garantiza que el uso de nuestro sitio web est\u00e9 protegido de virus, amenazas a la seguridad u otras vulnerabilidades y que su informaci\u00f3n est\u00e9 siempre segura. Se recoge informaci\u00f3n general sobre el tr\u00e1fico, el uso del sitio y la duraci\u00f3n de la estancia. Este tipo de informaci\u00f3n se utiliza para ayudarnos a evaluar la funcionalidad de nuestro sitio web y los an\u00e1lisis no est\u00e1n vinculados a las identidades individuales de los visitantes.<\/p>\n\n\n\n<p>Nuestra declaraci\u00f3n de privacidad se aplica \u00fanicamente al uso del sitio web de The Retreat. Este sitio contiene enlaces a otros sitios. No somos responsables de las pr\u00e1cticas de privacidad de esos sitios y no implican un respaldo al material o a las pol\u00edticas de esos sitios web. Esta declaraci\u00f3n de privacidad se aplica \u00fanicamente a nuestras pr\u00e1cticas en l\u00ednea.<\/p>\n\n\n\n<p>Al acceder o utilizar el sitio web, usted acepta quedar vinculado por todos los t\u00e9rminos y condiciones de la Declaraci\u00f3n de Privacidad de The Retreat tal y como se publica en el momento de su acceso o uso. Gracias. Para obtener m\u00e1s informaci\u00f3n, llame a nuestra oficina administrativa al 631-329-4398.&nbsp; <\/p>\n\n\n\n<ol class=\"wp-block-list\">\n<li><strong>\u00bfQu\u00e9 informaci\u00f3n recogemos?<\/strong>\u00a0Cuando usted visita nuestro sitio web, puede proporcionarnos dos tipos de informaci\u00f3n: la informaci\u00f3n personal que usted decide revelar a sabiendas y que se recoge de forma individual, y la informaci\u00f3n sobre el uso del sitio web que se recoge de forma agregada cuando usted y otras personas navegan por nuestro sitio web.<\/li>\n\n\n\n<li><strong>Informaci\u00f3n personal que usted decida proporcionar<\/strong>\u00a0Es posible que le pidamos que nos proporcione voluntariamente informaci\u00f3n personal, como su direcci\u00f3n de correo electr\u00f3nico, su direcci\u00f3n postal, el n\u00famero de tel\u00e9fono de su casa o de su trabajo y otros datos personales para fines como la correspondencia, la realizaci\u00f3n de un pedido, la solicitud de un presupuesto o la participaci\u00f3n en encuestas en l\u00ednea. Si decide mantener correspondencia con nosotros por correo electr\u00f3nico, podemos conservar el contenido de sus mensajes de correo electr\u00f3nico junto con su direcci\u00f3n de correo electr\u00f3nico y nuestras respuestas. Proporcionamos las mismas protecciones para estas comunicaciones electr\u00f3nicas que empleamos en el mantenimiento de la informaci\u00f3n recibida por correo y tel\u00e9fono.<\/li>\n\n\n\n<li><strong>Informaci\u00f3n sobre el uso del sitio web<\/strong>\u00a0Al igual que otros sitios web, nuestro sitio puede utilizar una tecnolog\u00eda est\u00e1ndar llamada \"cookies\" (v\u00e9ase la explicaci\u00f3n m\u00e1s abajo, \"\u00bfQu\u00e9 son las cookies?\") y los registros del servidor web para recoger informaci\u00f3n sobre c\u00f3mo se utiliza nuestro sitio web. La informaci\u00f3n recopilada a trav\u00e9s de las cookies y los registros del servidor puede incluir la fecha y la hora de las visitas, las p\u00e1ginas visitadas, el tiempo de permanencia en nuestro sitio web y los sitios visitados justo antes y despu\u00e9s del nuestro. Esta informaci\u00f3n se recoge de forma agregada. Ninguna de esta informaci\u00f3n se asocia a usted como individuo.<\/li>\n\n\n\n<li><strong>\u00bfC\u00f3mo utilizamos la informaci\u00f3n que nos proporciona?<\/strong>\u00a0En t\u00e9rminos generales, utilizamos la informaci\u00f3n personal para administrar nuestras actividades comerciales, prestar servicio y asistencia y poner a disposici\u00f3n de nuestros clientes y posibles clientes otros productos y servicios. Ocasionalmente, tambi\u00e9n podemos utilizar la informaci\u00f3n que recopilamos para notificarle cambios importantes en nuestro sitio web, nuevos servicios y ofertas especiales que creemos que le resultar\u00e1n valiosas. Las listas utilizadas para enviarle ofertas de productos y servicios se elaboran y gestionan con arreglo a nuestras normas tradicionales dise\u00f1adas para salvaguardar la seguridad y la privacidad de toda la informaci\u00f3n personal proporcionada por nuestros usuarios. Usted puede notificar en cualquier momento su deseo de no recibir estas ofertas.<\/li>\n\n\n\n<li><strong>\u00bfQu\u00e9 son las cookies?<\/strong>\u00a0Las cookies son una caracter\u00edstica del software del navegador web que permite a los servidores web reconocer el ordenador utilizado para acceder a un sitio web. Las cookies son peque\u00f1os fragmentos de datos que el navegador web del usuario almacena en su disco duro. Las cookies pueden recordar la informaci\u00f3n a la que un usuario accede en una p\u00e1gina web para simplificar las interacciones posteriores con ese sitio web por parte del mismo usuario o para utilizar la informaci\u00f3n para agilizar las transacciones del usuario en p\u00e1ginas web relacionadas. Esto facilita al usuario el paso de una p\u00e1gina web a otra y la realizaci\u00f3n de transacciones comerciales a trav\u00e9s de Internet. Las cookies deber\u00edan facilitar y personalizar su experiencia en l\u00ednea.<\/li>\n\n\n\n<li><strong>\u00bfC\u00f3mo utilizamos la informaci\u00f3n recopilada de las cookies?<\/strong>\u00a0Utilizamos herramientas de software de navegaci\u00f3n del sitio web, como las cookies y los registros del servidor web, para recopilar informaci\u00f3n sobre las actividades de navegaci\u00f3n de los usuarios de nuestro sitio web, con el fin de mejorar constantemente nuestro sitio web y prestar un mejor servicio a nuestros usuarios. Esta informaci\u00f3n nos ayuda a dise\u00f1ar y organizar nuestras p\u00e1ginas web de la manera m\u00e1s f\u00e1cil para el usuario y a mejorar continuamente nuestro sitio web para satisfacer mejor las necesidades de nuestros usuarios y posibles usuarios. Las cookies nos ayudan a recopilar importantes estad\u00edsticas comerciales y t\u00e9cnicas. La informaci\u00f3n de las cookies nos permite rastrear las rutas seguidas por los usuarios de nuestro sitio web cuando pasan de una p\u00e1gina a otra. Los registros del servidor web nos permiten contabilizar cu\u00e1ntas personas visitan nuestro sitio web y evaluar la capacidad de visitas del mismo. No utilizamos estas tecnolog\u00edas para capturar su direcci\u00f3n de correo electr\u00f3nico individual o cualquier informaci\u00f3n de identificaci\u00f3n personal sobre usted.<\/li>\n\n\n\n<li><strong>Aviso de nuevos servicios y cambios<\/strong>\u00a0Ocasionalmente, podemos utilizar la informaci\u00f3n que recopilamos para notificarle sobre cambios importantes en nuestro sitio web, nuevos servicios y ofertas especiales que consideramos que le resultar\u00e1n valiosas. Como usuario de nuestro sitio web, tendr\u00e1 la oportunidad de notificarnos su deseo de no recibir estas ofertas haciendo clic en un cuadro de respuesta cuando reciba dicha oferta o envi\u00e1ndonos una solicitud por correo electr\u00f3nico.<\/li>\n\n\n\n<li><strong>\u00bfC\u00f3mo protegemos las transmisiones de informaci\u00f3n?<\/strong>\u00a0Cuando nos env\u00eda informaci\u00f3n personal confidencial a trav\u00e9s de nuestro sitio web, el software de servidor seguro para el que tenemos licencia encripta toda la informaci\u00f3n que usted introduce antes de envi\u00e1rnosla. La informaci\u00f3n se codifica en el camino y se descodifica una vez que llega a nuestro sitio web. Otros correos electr\u00f3nicos que nos env\u00ede pueden no ser seguros, a menos que le avisemos de que se aplicar\u00e1n medidas de seguridad antes de que transmita la informaci\u00f3n. Por ello, le pedimos que no nos env\u00ede informaci\u00f3n confidencial, como n\u00fameros de la Seguridad Social, de tarjetas de cr\u00e9dito o de cuentas, a trav\u00e9s de un correo electr\u00f3nico no seguro.<\/li>\n\n\n\n<li><strong>\u00bfC\u00f3mo protegemos su informaci\u00f3n?<\/strong>\u00a0Seguridad de la informaci\u00f3n: utilizamos software de cifrado\/seguridad para proteger la confidencialidad de la informaci\u00f3n personal que recopilamos contra el acceso o la divulgaci\u00f3n no autorizados y la p\u00e9rdida, alteraci\u00f3n o destrucci\u00f3n accidentales. Evaluaci\u00f3n de las pr\u00e1cticas de protecci\u00f3n de la informaci\u00f3n: peri\u00f3dicamente, se revisan nuestras operaciones y pr\u00e1cticas comerciales para verificar el cumplimiento de las pol\u00edticas y procedimientos de la organizaci\u00f3n que rigen la seguridad, la confidencialidad y la calidad de nuestra informaci\u00f3n. Acceso, capacitaci\u00f3n y expectativas de los empleados: los valores, las normas \u00e9ticas, las pol\u00edticas y las pr\u00e1cticas de nuestra organizaci\u00f3n est\u00e1n comprometidos con la protecci\u00f3n de la informaci\u00f3n de los usuarios. En general, nuestras pr\u00e1cticas comerciales limitan el acceso de los empleados a la informaci\u00f3n confidencial y restringen el uso y la divulgaci\u00f3n de dicha informaci\u00f3n a personas, procesos y transacciones autorizados.<\/li>\n\n\n\n<li><strong>\u00bfC\u00f3mo puede acceder y corregir su informaci\u00f3n?<\/strong>\u00a0Puede solicitar el acceso a toda su informaci\u00f3n personal identificable que recopilamos en l\u00ednea y mantenemos en nuestra base de datos envi\u00e1ndonos un correo electr\u00f3nico mediante el formulario de contacto que se le proporciona dentro de la estructura del sitio de nuestra web.<\/li>\n\n\n\n<li><strong>\u00bfDivulgamos informaci\u00f3n a terceros?<\/strong>\u00a0Podemos proporcionar informaci\u00f3n agregada sobre nuestros clientes, ventas, patrones de tr\u00e1fico del sitio web e informaci\u00f3n relacionada con el sitio web a nuestras filiales o a terceros de confianza, pero esta informaci\u00f3n no incluir\u00e1 datos de identificaci\u00f3n personal, salvo que se indique lo contrario en esta pol\u00edtica de privacidad.<\/li>\n\n\n\n<li><strong>\u00bfQu\u00e9 pasa con la divulgaci\u00f3n de informaci\u00f3n legalmente obligada?<\/strong>\u00a0Podemos revelar informaci\u00f3n cuando estemos legalmente obligados a hacerlo, es decir, cuando, de buena fe, creamos que la ley lo requiere o para la protecci\u00f3n de nuestros derechos legales.<\/li>\n\n\n\n<li><strong>Permiso de uso de materiales<\/strong>\u00a0El derecho a descargar y almacenar o producir los materiales de nuestro sitio web se concede \u00fanicamente para el uso personal del usuario, y los materiales no pueden ser reproducidos en ninguna forma editada. Queda estrictamente prohibida cualquier otra reproducci\u00f3n, transmisi\u00f3n, ejecuci\u00f3n, exhibici\u00f3n o edici\u00f3n de estos materiales por cualquier medio mec\u00e1nico o electr\u00f3nico sin nuestra autorizaci\u00f3n expresa por escrito. Los usuarios que deseen obtener permiso para reimprimir o reproducir cualquier material que aparezca en este sitio pueden ponerse en contacto con nosotros directamente.<\/li>\n\n\n\n<li><strong>Informaci\u00f3n m\u00f3vil <\/strong>No se compartir\u00e1 informaci\u00f3n m\u00f3vil con terceros o afiliados con fines de mercadotecnia o promocionales. Todas las dem\u00e1s categor\u00edas excluyen los datos y el consentimiento del remitente de mensajes de texto; esta informaci\u00f3n no se compartir\u00e1 con terceros.<\/li>\n<\/ol>\n\n\n\n<p><em>(Actualizado el 4 de febrero de 2026)<\/em><\/p>","protected":false},"excerpt":{"rendered":"<p>Privacy Policy The Retreat Inc. Privacy Statement:&nbsp;This website is owned and operated by or on behalf of The Retreat, Inc.&nbsp; By visiting www.allagainstabuse.org&nbsp; you are accepting the practices described in this statement.&nbsp; This Privacy Statement may be changed or updated at any time. The Retreat makes its best efforts to respect and protect the privacy [&hellip;]<\/p>\n","protected":false},"author":1,"featured_media":0,"parent":0,"menu_order":0,"comment_status":"closed","ping_status":"open","template":"elementor_theme","meta":{"_acf_changed":false,"om_disable_all_campaigns":false,"footnotes":""},"class_list":["post-3","page","type-page","status-publish","hentry"],"acf":[],"yoast_head":"<!-- This site is optimized with the Yoast SEO plugin v27.4 - https:\/\/yoast.com\/product\/yoast-seo-wordpress\/ -->\n<title>Privacy Policy - The Retreat<\/title>\n<meta name=\"description\" content=\"This website is owned and operated by or on behalf of The Retreat, Inc.\u00a0 By visiting www.theretreatinc.org or www.allagainstabuse.org\u00a0 you are accepting the practices described in this statement.\u00a0 This Privacy Statement may be changed or updated at any time.\" \/>\n<meta name=\"robots\" content=\"index, follow, max-snippet:-1, max-image-preview:large, max-video-preview:-1\" \/>\n<link rel=\"canonical\" href=\"https:\/\/allagainstabuse.org\/es\/privacy-policy\/\" \/>\n<meta property=\"og:locale\" content=\"es_MX\" \/>\n<meta property=\"og:type\" content=\"article\" \/>\n<meta property=\"og:title\" content=\"Privacy Policy - The Retreat\" \/>\n<meta property=\"og:description\" content=\"This website is owned and operated by or on behalf of The Retreat, Inc.\u00a0 By visiting www.theretreatinc.org or www.allagainstabuse.org\u00a0 you are accepting the practices described in this statement.\u00a0 This Privacy Statement may be changed or updated at any time.\" \/>\n<meta property=\"og:url\" content=\"https:\/\/allagainstabuse.org\/es\/privacy-policy\/\" \/>\n<meta property=\"og:site_name\" content=\"The Retreat\" \/>\n<meta property=\"article:modified_time\" content=\"2026-02-04T17:10:53+00:00\" \/>\n<meta name=\"twitter:card\" content=\"summary_large_image\" \/>\n<meta name=\"twitter:label1\" content=\"Tiempo de lectura\" \/>\n\t<meta name=\"twitter:data1\" content=\"7 minutos\" \/>\n<script type=\"application\/ld+json\" class=\"yoast-schema-graph\">{\"@context\":\"https:\\\/\\\/schema.org\",\"@graph\":[{\"@type\":\"WebPage\",\"@id\":\"https:\\\/\\\/allagainstabuse.org\\\/privacy-policy\\\/\",\"url\":\"https:\\\/\\\/allagainstabuse.org\\\/privacy-policy\\\/\",\"name\":\"Privacy Policy - The Retreat\",\"isPartOf\":{\"@id\":\"https:\\\/\\\/allagainstabuse.org\\\/es\\\/#website\"},\"datePublished\":\"2021-04-21T05:16:53+00:00\",\"dateModified\":\"2026-02-04T17:10:53+00:00\",\"description\":\"This website is owned and operated by or on behalf of The Retreat, Inc.\u00a0 By visiting www.theretreatinc.org or www.allagainstabuse.org\u00a0 you are accepting the practices described in this statement.\u00a0 This Privacy Statement may be changed or updated at any time.\",\"breadcrumb\":{\"@id\":\"https:\\\/\\\/allagainstabuse.org\\\/privacy-policy\\\/#breadcrumb\"},\"inLanguage\":\"es\",\"potentialAction\":[{\"@type\":\"ReadAction\",\"target\":[\"https:\\\/\\\/allagainstabuse.org\\\/privacy-policy\\\/\"]}]},{\"@type\":\"BreadcrumbList\",\"@id\":\"https:\\\/\\\/allagainstabuse.org\\\/privacy-policy\\\/#breadcrumb\",\"itemListElement\":[{\"@type\":\"ListItem\",\"position\":1,\"name\":\"Home\",\"item\":\"https:\\\/\\\/allagainstabuse.org\\\/\"},{\"@type\":\"ListItem\",\"position\":2,\"name\":\"Privacy Policy\"}]},{\"@type\":\"WebSite\",\"@id\":\"https:\\\/\\\/allagainstabuse.org\\\/es\\\/#website\",\"url\":\"https:\\\/\\\/allagainstabuse.org\\\/es\\\/\",\"name\":\"The Retreat\",\"description\":\"\",\"publisher\":{\"@id\":\"https:\\\/\\\/allagainstabuse.org\\\/es\\\/#organization\"},\"potentialAction\":[{\"@type\":\"SearchAction\",\"target\":{\"@type\":\"EntryPoint\",\"urlTemplate\":\"https:\\\/\\\/allagainstabuse.org\\\/es\\\/?s={search_term_string}\"},\"query-input\":{\"@type\":\"PropertyValueSpecification\",\"valueRequired\":true,\"valueName\":\"search_term_string\"}}],\"inLanguage\":\"es\"},{\"@type\":\"Organization\",\"@id\":\"https:\\\/\\\/allagainstabuse.org\\\/es\\\/#organization\",\"name\":\"The Retreat\",\"url\":\"https:\\\/\\\/allagainstabuse.org\\\/es\\\/\",\"logo\":{\"@type\":\"ImageObject\",\"inLanguage\":\"es\",\"@id\":\"https:\\\/\\\/allagainstabuse.org\\\/es\\\/#\\\/schema\\\/logo\\\/image\\\/\",\"url\":\"https:\\\/\\\/allagainstabuse.org\\\/wp-content\\\/uploads\\\/2021\\\/04\\\/Logo.svg\",\"contentUrl\":\"https:\\\/\\\/allagainstabuse.org\\\/wp-content\\\/uploads\\\/2021\\\/04\\\/Logo.svg\",\"width\":1,\"height\":1,\"caption\":\"The Retreat\"},\"image\":{\"@id\":\"https:\\\/\\\/allagainstabuse.org\\\/es\\\/#\\\/schema\\\/logo\\\/image\\\/\"}}]}<\/script>\n<!-- \/ Yoast SEO plugin. -->","yoast_head_json":{"title":"Pol\u00edtica de privacidad - El Retiro","description":"Este sitio web es propiedad y est\u00e1 gestionado por o en nombre de The Retreat, Inc.  Al visitar www.theretreatinc.org o www.allagainstabuse.org usted acepta las pr\u00e1cticas descritas en esta declaraci\u00f3n.  Esta Declaraci\u00f3n de Privacidad puede ser modificada o actualizada en cualquier momento.","robots":{"index":"index","follow":"follow","max-snippet":"max-snippet:-1","max-image-preview":"max-image-preview:large","max-video-preview":"max-video-preview:-1"},"canonical":"https:\/\/allagainstabuse.org\/es\/privacy-policy\/","og_locale":"es_MX","og_type":"article","og_title":"Privacy Policy - The Retreat","og_description":"This website is owned and operated by or on behalf of The Retreat, Inc.\u00a0 By visiting www.theretreatinc.org or www.allagainstabuse.org\u00a0 you are accepting the practices described in this statement.\u00a0 This Privacy Statement may be changed or updated at any time.","og_url":"https:\/\/allagainstabuse.org\/es\/privacy-policy\/","og_site_name":"The Retreat","article_modified_time":"2026-02-04T17:10:53+00:00","twitter_card":"summary_large_image","twitter_misc":{"Tiempo de lectura":"7 minutos"},"schema":{"@context":"https:\/\/schema.org","@graph":[{"@type":"WebPage","@id":"https:\/\/allagainstabuse.org\/privacy-policy\/","url":"https:\/\/allagainstabuse.org\/privacy-policy\/","name":"Pol\u00edtica de privacidad - El Retiro","isPartOf":{"@id":"https:\/\/allagainstabuse.org\/es\/#website"},"datePublished":"2021-04-21T05:16:53+00:00","dateModified":"2026-02-04T17:10:53+00:00","description":"Este sitio web es propiedad y est\u00e1 gestionado por o en nombre de The Retreat, Inc.  Al visitar www.theretreatinc.org o www.allagainstabuse.org usted acepta las pr\u00e1cticas descritas en esta declaraci\u00f3n.  Esta Declaraci\u00f3n de Privacidad puede ser modificada o actualizada en cualquier momento.","breadcrumb":{"@id":"https:\/\/allagainstabuse.org\/privacy-policy\/#breadcrumb"},"inLanguage":"es","potentialAction":[{"@type":"ReadAction","target":["https:\/\/allagainstabuse.org\/privacy-policy\/"]}]},{"@type":"BreadcrumbList","@id":"https:\/\/allagainstabuse.org\/privacy-policy\/#breadcrumb","itemListElement":[{"@type":"ListItem","position":1,"name":"Home","item":"https:\/\/allagainstabuse.org\/"},{"@type":"ListItem","position":2,"name":"Privacy Policy"}]},{"@type":"WebSite","@id":"https:\/\/allagainstabuse.org\/es\/#website","url":"https:\/\/allagainstabuse.org\/es\/","name":"El Retiro","description":"","publisher":{"@id":"https:\/\/allagainstabuse.org\/es\/#organization"},"potentialAction":[{"@type":"SearchAction","target":{"@type":"EntryPoint","urlTemplate":"https:\/\/allagainstabuse.org\/es\/?s={search_term_string}"},"query-input":{"@type":"PropertyValueSpecification","valueRequired":true,"valueName":"search_term_string"}}],"inLanguage":"es"},{"@type":"Organization","@id":"https:\/\/allagainstabuse.org\/es\/#organization","name":"El Retiro","url":"https:\/\/allagainstabuse.org\/es\/","logo":{"@type":"ImageObject","inLanguage":"es","@id":"https:\/\/allagainstabuse.org\/es\/#\/schema\/logo\/image\/","url":"https:\/\/allagainstabuse.org\/wp-content\/uploads\/2021\/04\/Logo.svg","contentUrl":"https:\/\/allagainstabuse.org\/wp-content\/uploads\/2021\/04\/Logo.svg","width":1,"height":1,"caption":"The Retreat"},"image":{"@id":"https:\/\/allagainstabuse.org\/es\/#\/schema\/logo\/image\/"}}]}},"featured_image_src":null,"featured_image_src_square":null,"_links":{"self":[{"href":"https:\/\/allagainstabuse.org\/es\/wp-json\/wp\/v2\/pages\/3","targetHints":{"allow":["GET"]}}],"collection":[{"href":"https:\/\/allagainstabuse.org\/es\/wp-json\/wp\/v2\/pages"}],"about":[{"href":"https:\/\/allagainstabuse.org\/es\/wp-json\/wp\/v2\/types\/page"}],"author":[{"embeddable":true,"href":"https:\/\/allagainstabuse.org\/es\/wp-json\/wp\/v2\/users\/1"}],"replies":[{"embeddable":true,"href":"https:\/\/allagainstabuse.org\/es\/wp-json\/wp\/v2\/comments?post=3"}],"version-history":[{"count":0,"href":"https:\/\/allagainstabuse.org\/es\/wp-json\/wp\/v2\/pages\/3\/revisions"}],"wp:attachment":[{"href":"https:\/\/allagainstabuse.org\/es\/wp-json\/wp\/v2\/media?parent=3"}],"curies":[{"name":"wp","href":"https:\/\/api.w.org\/{rel}","templated":true}]}}